{"id":1476,"date":"2024-01-31T23:18:08","date_gmt":"2024-01-31T23:18:08","guid":{"rendered":"https:\/\/www.tchoukball-lubuskie.pl\/?page_id=1476"},"modified":"2025-02-09T12:55:24","modified_gmt":"2025-02-09T12:55:24","slug":"dokumenty","status":"publish","type":"page","link":"https:\/\/www.tchoukball-lubuskie.pl\/index.php\/dokumenty\/","title":{"rendered":"DOKUMENTY"},"content":{"rendered":"\n<p>Oficjalne przepisy gry <\/p>\n\n\n\n<div data-wp-interactive=\"core\/file\" class=\"wp-block-file\"><object data-wp-bind--hidden=\"!state.hasPdfPreview\" hidden class=\"wp-block-file__embed\" data=\"https:\/\/www.tchoukball-lubuskie.pl\/wp-content\/uploads\/2024\/01\/Tchoukball-Oficjalne-Przepisy-Gry.pdf\" type=\"application\/pdf\" style=\"width:100%;height:600px\" aria-label=\"Osadzone z Tchoukball-Oficjalne-Przepisy-Gry.\"><\/object><a id=\"wp-block-file--media-6fff5620-02d6-4bfc-b35a-7baf73c23d06\" href=\"https:\/\/www.tchoukball-lubuskie.pl\/wp-content\/uploads\/2024\/01\/Tchoukball-Oficjalne-Przepisy-Gry.pdf\">Tchoukball-Oficjalne-Przepisy-Gry<\/a><a href=\"https:\/\/www.tchoukball-lubuskie.pl\/wp-content\/uploads\/2024\/01\/Tchoukball-Oficjalne-Przepisy-Gry.pdf\" class=\"wp-block-file__button wp-element-button\" download aria-describedby=\"wp-block-file--media-6fff5620-02d6-4bfc-b35a-7baf73c23d06\">Pobierz<\/a><\/div>\n\n\n\n<p><\/p>\n\n\n\n<p>Oficjalne interpretacje zasad gry w tchoukball <\/p>\n\n\n\n<div data-wp-interactive=\"core\/file\" class=\"wp-block-file\"><object data-wp-bind--hidden=\"!state.hasPdfPreview\" hidden class=\"wp-block-file__embed\" data=\"https:\/\/www.tchoukball-lubuskie.pl\/wp-content\/uploads\/2024\/01\/OficjalneIne-interpretacje-zasad-gry.pdf\" type=\"application\/pdf\" style=\"width:100%;height:600px\" aria-label=\"Osadzone z OficjalneIne-interpretacje-zasad-gry.\"><\/object><a id=\"wp-block-file--media-bab10362-87ff-429f-9489-75ac98e1a7fa\" href=\"https:\/\/www.tchoukball-lubuskie.pl\/wp-content\/uploads\/2024\/01\/OficjalneIne-interpretacje-zasad-gry.pdf\">OficjalneIne-interpretacje-zasad-gry<\/a><a href=\"https:\/\/www.tchoukball-lubuskie.pl\/wp-content\/uploads\/2024\/01\/OficjalneIne-interpretacje-zasad-gry.pdf\" class=\"wp-block-file__button wp-element-button\" download aria-describedby=\"wp-block-file--media-bab10362-87ff-429f-9489-75ac98e1a7fa\">Pobierz<\/a><\/div>\n\n\n\n<p><\/p>\n\n\n\n<p>Gesty s\u0119dziowskie <\/p>\n\n\n\n<div data-wp-interactive=\"core\/file\" class=\"wp-block-file\"><object data-wp-bind--hidden=\"!state.hasPdfPreview\" hidden class=\"wp-block-file__embed\" data=\"https:\/\/www.tchoukball-lubuskie.pl\/wp-content\/uploads\/2024\/01\/Tchoukball-gesty-sedziowskie.pdf\" type=\"application\/pdf\" style=\"width:100%;height:600px\" aria-label=\"Osadzone z Tchoukball-gesty-sedziowskie.\"><\/object><a id=\"wp-block-file--media-7666565b-1b34-4ab5-8c50-6d6d1f5739a3\" href=\"https:\/\/www.tchoukball-lubuskie.pl\/wp-content\/uploads\/2024\/01\/Tchoukball-gesty-sedziowskie.pdf\">Tchoukball-gesty-sedziowskie<\/a><a href=\"https:\/\/www.tchoukball-lubuskie.pl\/wp-content\/uploads\/2024\/01\/Tchoukball-gesty-sedziowskie.pdf\" class=\"wp-block-file__button wp-element-button\" download aria-describedby=\"wp-block-file--media-7666565b-1b34-4ab5-8c50-6d6d1f5739a3\">Pobierz<\/a><\/div>\n\n\n\n<div data-wp-interactive=\"core\/file\" class=\"wp-block-file\"><object data-wp-bind--hidden=\"!state.hasPdfPreview\" hidden class=\"wp-block-file__embed\" data=\"https:\/\/www.tchoukball-lubuskie.pl\/wp-content\/uploads\/2024\/12\/STATUT-STOWARZYSZENIA-TCHOUKBALL-LUBUSKIE-_WERSJA-UJEDNOLICONA-2024-R.pdf\" type=\"application\/pdf\" style=\"width:100%;height:600px\" aria-label=\"Osadzone z STATUT STOWARZYSZENIA TCHOUKBALL LUBUSKIE _WERSJA UJEDNOLICONA 2024 R..\"><\/object><a id=\"wp-block-file--media-4803b7a3-ac8f-43cb-8d39-0471eac872b4\" href=\"https:\/\/www.tchoukball-lubuskie.pl\/wp-content\/uploads\/2024\/12\/STATUT-STOWARZYSZENIA-TCHOUKBALL-LUBUSKIE-_WERSJA-UJEDNOLICONA-2024-R.pdf\">STATUT STOWARZYSZENIA TCHOUKBALL LUBUSKIE _WERSJA UJEDNOLICONA 2024 R.<\/a><a href=\"https:\/\/www.tchoukball-lubuskie.pl\/wp-content\/uploads\/2024\/12\/STATUT-STOWARZYSZENIA-TCHOUKBALL-LUBUSKIE-_WERSJA-UJEDNOLICONA-2024-R.pdf\" class=\"wp-block-file__button wp-element-button\" download aria-describedby=\"wp-block-file--media-4803b7a3-ac8f-43cb-8d39-0471eac872b4\">Pobierz<\/a><\/div>\n\n\n\n<div data-wp-interactive=\"core\/file\" class=\"wp-block-file\"><object data-wp-bind--hidden=\"!state.hasPdfPreview\" hidden class=\"wp-block-file__embed\" data=\"https:\/\/www.tchoukball-lubuskie.pl\/wp-content\/uploads\/2024\/12\/Standardy-Ochrony-Maloletnich-w-Stowarzyszeniu-Tchoukball-Lubuskie.pdf\" type=\"application\/pdf\" style=\"width:100%;height:600px\" aria-label=\"Osadzone z Standardy Ochrony Ma\u0142oletnich w  Stowarzyszeniu Tchoukball Lubuskie.\"><\/object><a id=\"wp-block-file--media-78f2551d-3c1f-4137-9264-6d20fe148a7c\" href=\"https:\/\/www.tchoukball-lubuskie.pl\/wp-content\/uploads\/2024\/12\/Standardy-Ochrony-Maloletnich-w-Stowarzyszeniu-Tchoukball-Lubuskie.pdf\">Standardy Ochrony Ma\u0142oletnich w  Stowarzyszeniu Tchoukball Lubuskie<\/a><a href=\"https:\/\/www.tchoukball-lubuskie.pl\/wp-content\/uploads\/2024\/12\/Standardy-Ochrony-Maloletnich-w-Stowarzyszeniu-Tchoukball-Lubuskie.pdf\" class=\"wp-block-file__button wp-element-button\" download aria-describedby=\"wp-block-file--media-78f2551d-3c1f-4137-9264-6d20fe148a7c\">Pobierz<\/a><\/div>\n\n\n\n<div data-wp-interactive=\"core\/file\" class=\"wp-block-file\"><object data-wp-bind--hidden=\"!state.hasPdfPreview\" hidden class=\"wp-block-file__embed\" data=\"https:\/\/www.tchoukball-lubuskie.pl\/wp-content\/uploads\/2025\/02\/TCHOUKBALL-JAK-ZACZAC-TRENOWAC-PORADNIK-METODYCZNY-1.pdf\" type=\"application\/pdf\" style=\"width:100%;height:600px\" aria-label=\"Osadzone z TCHOUKBALL - JAK ZACZ\u0104\u0106 TRENOWA\u0106  PORADNIK METODYCZNY.\"><\/object><a id=\"wp-block-file--media-f94a938b-56c1-42f3-894d-1c8dfb109256\" href=\"https:\/\/www.tchoukball-lubuskie.pl\/wp-content\/uploads\/2025\/02\/TCHOUKBALL-JAK-ZACZAC-TRENOWAC-PORADNIK-METODYCZNY-1.pdf\">TCHOUKBALL &#8211; JAK ZACZ\u0104\u0106 TRENOWA\u0106  PORADNIK METODYCZNY<\/a><a href=\"https:\/\/www.tchoukball-lubuskie.pl\/wp-content\/uploads\/2025\/02\/TCHOUKBALL-JAK-ZACZAC-TRENOWAC-PORADNIK-METODYCZNY-1.pdf\" class=\"wp-block-file__button wp-element-button\" download aria-describedby=\"wp-block-file--media-f94a938b-56c1-42f3-894d-1c8dfb109256\">Pobierz<\/a><\/div>\n","protected":false},"excerpt":{"rendered":"<p>Oficjalne przepisy gry Oficjalne interpretacje zasad gry w tchoukball Gesty s\u0119dziowskie<\/p>\n","protected":false},"author":2,"featured_media":0,"parent":0,"menu_order":0,"comment_status":"closed","ping_status":"closed","template":"","meta":{"_kadence_starter_templates_imported_post":false,"_kad_post_transparent":"","_kad_post_title":"","_kad_post_layout":"","_kad_post_sidebar_id":"","_kad_post_content_style":"","_kad_post_vertical_padding":"","_kad_post_feature":"","_kad_post_feature_position":"","_kad_post_header":false,"_kad_post_footer":false,"footnotes":""},"class_list":["post-1476","page","type-page","status-publish","hentry"],"_links":{"self":[{"href":"https:\/\/www.tchoukball-lubuskie.pl\/index.php\/wp-json\/wp\/v2\/pages\/1476","targetHints":{"allow":["GET"]}}],"collection":[{"href":"https:\/\/www.tchoukball-lubuskie.pl\/index.php\/wp-json\/wp\/v2\/pages"}],"about":[{"href":"https:\/\/www.tchoukball-lubuskie.pl\/index.php\/wp-json\/wp\/v2\/types\/page"}],"author":[{"embeddable":true,"href":"https:\/\/www.tchoukball-lubuskie.pl\/index.php\/wp-json\/wp\/v2\/users\/2"}],"replies":[{"embeddable":true,"href":"https:\/\/www.tchoukball-lubuskie.pl\/index.php\/wp-json\/wp\/v2\/comments?post=1476"}],"version-history":[{"count":4,"href":"https:\/\/www.tchoukball-lubuskie.pl\/index.php\/wp-json\/wp\/v2\/pages\/1476\/revisions"}],"predecessor-version":[{"id":1945,"href":"https:\/\/www.tchoukball-lubuskie.pl\/index.php\/wp-json\/wp\/v2\/pages\/1476\/revisions\/1945"}],"wp:attachment":[{"href":"https:\/\/www.tchoukball-lubuskie.pl\/index.php\/wp-json\/wp\/v2\/media?parent=1476"}],"curies":[{"name":"wp","href":"https:\/\/api.w.org\/{rel}","templated":true}]}}