{"id":377,"date":"2015-07-29T13:44:44","date_gmt":"2015-07-29T13:44:44","guid":{"rendered":"https:\/\/sichu-blockart-minimal-portfolio.sites.qsandbox.com\/?page_id=4"},"modified":"2025-02-09T13:10:42","modified_gmt":"2025-02-09T13:10:42","slug":"onas","status":"publish","type":"page","link":"https:\/\/www.tchoukball-lubuskie.pl\/index.php\/onas\/","title":{"rendered":"O NAS"},"content":{"rendered":"\n<p>Stowarzyszenie Tchoukball Lubuskie zosta\u0142o za\u0142o\u017cone dnia 8 stycznia 2020 r. Za\u0142o\u017cycielami organizacji byli Leszek Przybylski, Piotr \u0141oboda oraz Dorota Szyma\u0144ska &#8211; mi\u0142o\u015bnicy sportu, gier zespo\u0142owych i rekreacji.<\/p>\n\n\n\n<p>Stowarzyszenie Tchoukball Lubuskie to jedyna organizacja w wojew\u00f3dztwie lubuskim, kt\u00f3ra promuje popularyzuje tchoukball w Polsce Zachodniej. Ten niszowy sport rozwija si\u0119 w b\u0142yskawicznym tempie i zyskuje wielu zwolennik\u00f3w. Nasza dzia\u0142alno\u015b\u0107 skupia si\u0119 na promowaniu nowej gry w \u015brodowiskach szkolnych, kt\u00f3re ch\u0119tnie w\u0142\u0105czaj\u0105 si\u0119 w tchoukballowe rozgrywki. Misj\u0105 rozwoju Stowarzyszenia jest popularyzacja tchoukball w wojew\u00f3dztwie lubuskiem, a tak\u017ce w wojew\u00f3dztwach s\u0105siednich. <\/p>\n\n\n\n<p>Obecnie prowadzimy trzy dru\u017cyny sportowe, kt\u00f3re systematycznie trenuj\u0105. S\u0105 to dru\u017cyny juniorskie w wieku 10 lat (M10), 12 lat (M12) oraz w wieku 13-14 lat (M15). Nasi zawodnicy osiagaj\u0105 du\u017ce sukcesy sportowe na arenie Polski i na arenie mi\u0119dzynarodowej. Cyklicznie bierzemy udzia\u0142 w licznych turniejach mi\u0119dzynarodowych, o czym na bie\u017c\u0105co informujemy w aktualno\u015bciach. <\/p>\n\n\n\n<p>Stowarzyszenie Tchoukball Lubuskie jest r\u00f3wnie\u017c organizatorem dw\u00f3ch najwi\u0119kszych wydarze\u0144 sportowych, kt\u00f3re organizujemy w wojew\u00f3dztwe lubuskim ju\u017c cyklicznie, s\u0105 to: <\/p>\n\n\n\n<ul class=\"wp-block-list\">\n<li>TCHOUK HIGH FIVE W NOWEJ SOLI &#8211; dwudniowy turniej mi\u0119dzynarodowy w trzech kategoriach wiekowych M12, M15 oraz Open,  <\/li>\n\n\n\n<li>TCHOUK KIDS W NOWYM MIASTECZKU &#8211;  turniej halowy dla dzieci i m\u0142odzie\u017cy. <\/li>\n<\/ul>\n\n\n\n<p>Zarz\u0105d Stowarzyszenia od dnia 1.01.2024 r.:<\/p>\n\n\n\n<ul class=\"wp-block-list\">\n<li>Leszek Przybylski &#8211; prezes<\/li>\n<\/ul>\n\n\n\n<ul class=\"wp-block-list\">\n<li>Marta Choptiany &#8211; wiceprezes<\/li>\n<\/ul>\n\n\n\n<ul class=\"wp-block-list\">\n<li>Dorota Szyma\u0144ska &#8211; skarbnik <\/li>\n<\/ul>\n\n\n\n<figure class=\"wp-block-image size-large\"><img loading=\"lazy\" decoding=\"async\" width=\"683\" height=\"1024\" src=\"https:\/\/www.tchoukball-lubuskie.pl\/wp-content\/uploads\/2024\/06\/DSC_0929-683x1024.jpg\" alt=\"Zarz\u0105d Stowarzyszenia \" class=\"wp-image-1577\" srcset=\"https:\/\/www.tchoukball-lubuskie.pl\/wp-content\/uploads\/2024\/06\/DSC_0929-683x1024.jpg 683w, https:\/\/www.tchoukball-lubuskie.pl\/wp-content\/uploads\/2024\/06\/DSC_0929-200x300.jpg 200w, https:\/\/www.tchoukball-lubuskie.pl\/wp-content\/uploads\/2024\/06\/DSC_0929-768x1152.jpg 768w, https:\/\/www.tchoukball-lubuskie.pl\/wp-content\/uploads\/2024\/06\/DSC_0929-1024x1536.jpg 1024w, https:\/\/www.tchoukball-lubuskie.pl\/wp-content\/uploads\/2024\/06\/DSC_0929-1365x2048.jpg 1365w, https:\/\/www.tchoukball-lubuskie.pl\/wp-content\/uploads\/2024\/06\/DSC_0929-scaled.jpg 1707w\" sizes=\"auto, (max-width: 683px) 100vw, 683px\" \/><\/figure>\n\n\n\n<p>Celem dzia\u0142ania Stowarzyszenia Tchoukball Lubuskie jest popularyzacja gry zespo\u0142owej tchoukball, kt\u00f3ra rozwija si\u0119 g\u0142\u00f3wnie w Polsce Centarlnej oraz Wschodniej. W wojew\u00f3dztwie lubuskim jest to wci\u0105\u017c dyscyplina sportowa ma\u0142o znana. Zaanga\u017cowanie za\u0142o\u017cycieli ma na celu spopularyzowanie tchoukball w \u015brodowisku lokalnym Nowej Soli, a tak\u017ce na terenie ca\u0142ego wojew\u00f3dztwa lubuskiego. W tym celu pozyskujemy \u015brodki na rozw\u00f3j naszej dzia\u0142alno\u015bci oraz na organizacj\u0119 turniej\u00f3w w Polsce. <\/p>\n\n\n\n<figure class=\"wp-block-video\"><video height=\"1920\" style=\"aspect-ratio: 1920 \/ 1920;\" width=\"1920\" controls src=\"https:\/\/www.tchoukball-lubuskie.pl\/wp-content\/uploads\/2024\/01\/TL-film-logo.mp4\"><\/video><\/figure>\n\n\n\n<p><\/p>\n\n\n\n<figure class=\"wp-block-gallery has-nested-images columns-default is-cropped wp-block-gallery-1 is-layout-flex wp-block-gallery-is-layout-flex\">\n<figure class=\"wp-block-image size-full\"><img loading=\"lazy\" decoding=\"async\" width=\"1150\" height=\"2560\" data-id=\"1051\" src=\"https:\/\/www.tchoukball-lubuskie.pl\/wp-content\/uploads\/2023\/04\/ROLLUP1-scaled.jpg\" alt=\"\" class=\"wp-image-1051\" srcset=\"https:\/\/www.tchoukball-lubuskie.pl\/wp-content\/uploads\/2023\/04\/ROLLUP1-scaled.jpg 1150w, https:\/\/www.tchoukball-lubuskie.pl\/wp-content\/uploads\/2023\/04\/ROLLUP1-135x300.jpg 135w, https:\/\/www.tchoukball-lubuskie.pl\/wp-content\/uploads\/2023\/04\/ROLLUP1-460x1024.jpg 460w, https:\/\/www.tchoukball-lubuskie.pl\/wp-content\/uploads\/2023\/04\/ROLLUP1-768x1710.jpg 768w, https:\/\/www.tchoukball-lubuskie.pl\/wp-content\/uploads\/2023\/04\/ROLLUP1-690x1536.jpg 690w, https:\/\/www.tchoukball-lubuskie.pl\/wp-content\/uploads\/2023\/04\/ROLLUP1-920x2048.jpg 920w\" sizes=\"auto, (max-width: 1150px) 100vw, 1150px\" \/><\/figure>\n<\/figure>\n\n\n\n<p><\/p>\n","protected":false},"excerpt":{"rendered":"<p>Stowarzyszenie Tchoukball Lubuskie zosta\u0142o za\u0142o\u017cone dnia 8 stycznia 2020 r. Za\u0142o\u017cycielami organizacji byli Leszek Przybylski, Piotr \u0141oboda oraz Dorota Szyma\u0144ska &#8211; mi\u0142o\u015bnicy sportu, gier zespo\u0142owych i rekreacji. Stowarzyszenie Tchoukball Lubuskie to jedyna organizacja w wojew\u00f3dztwie lubuskim, kt\u00f3ra promuje popularyzuje tchoukball w Polsce Zachodniej. Ten niszowy sport rozwija si\u0119 w b\u0142yskawicznym tempie i zyskuje wielu zwolennik\u00f3w&#8230;.<\/p>\n","protected":false},"author":1,"featured_media":0,"parent":0,"menu_order":0,"comment_status":"closed","ping_status":"open","template":"","meta":{"_kadence_starter_templates_imported_post":false,"_kad_post_transparent":"","_kad_post_title":"","_kad_post_layout":"","_kad_post_sidebar_id":"","_kad_post_content_style":"","_kad_post_vertical_padding":"","_kad_post_feature":"","_kad_post_feature_position":"","_kad_post_header":false,"_kad_post_footer":false,"footnotes":""},"class_list":["post-377","page","type-page","status-publish","hentry"],"_links":{"self":[{"href":"https:\/\/www.tchoukball-lubuskie.pl\/index.php\/wp-json\/wp\/v2\/pages\/377","targetHints":{"allow":["GET"]}}],"collection":[{"href":"https:\/\/www.tchoukball-lubuskie.pl\/index.php\/wp-json\/wp\/v2\/pages"}],"about":[{"href":"https:\/\/www.tchoukball-lubuskie.pl\/index.php\/wp-json\/wp\/v2\/types\/page"}],"author":[{"embeddable":true,"href":"https:\/\/www.tchoukball-lubuskie.pl\/index.php\/wp-json\/wp\/v2\/users\/1"}],"replies":[{"embeddable":true,"href":"https:\/\/www.tchoukball-lubuskie.pl\/index.php\/wp-json\/wp\/v2\/comments?post=377"}],"version-history":[{"count":22,"href":"https:\/\/www.tchoukball-lubuskie.pl\/index.php\/wp-json\/wp\/v2\/pages\/377\/revisions"}],"predecessor-version":[{"id":1947,"href":"https:\/\/www.tchoukball-lubuskie.pl\/index.php\/wp-json\/wp\/v2\/pages\/377\/revisions\/1947"}],"wp:attachment":[{"href":"https:\/\/www.tchoukball-lubuskie.pl\/index.php\/wp-json\/wp\/v2\/media?parent=377"}],"curies":[{"name":"wp","href":"https:\/\/api.w.org\/{rel}","templated":true}]}}